{"id":102098,"date":"2022-09-16T17:21:31","date_gmt":"2022-09-16T15:21:31","guid":{"rendered":"https:\/\/www.marcocastellicollection.com\/product\/mc-blu-e-marrone\/"},"modified":"2022-12-13T14:51:36","modified_gmt":"2022-12-13T13:51:36","slug":"mc-blu-marrone","status":"publish","type":"product","link":"https:\/\/www.marcocastellicollection.com\/it\/prodotto\/mc-blu-marrone\/","title":{"rendered":"MC &#8211; Blu e Marrone"},"content":{"rendered":"<p>PELLE DI VITELLO BOTTOLATA<\/p>\n<p dir=\"auto\">Le iconiche sneakers MC in pelle amplificano il fascino sofisticato dello stile della collezione Marco Castelli. Questo modello rafinato, leggero e flessibile interpreta in chiave lusso una calzatura casual ma ricercata. Le sneakers sono facilissime da indossare grazie al disegno iconico slip-on e alla fantastica innovazione del sabot Marco Castelli per una maggiore comodit\u00e0, il logo stilizzato ricamato a vista. la nuova suola in cuoio della scarpa per migliorare comfort e stile.<\/p>\n<p dir=\"auto\">&#8220;la particolarit\u00e0 delle calzature Marco Castelli \u00e8 anche nel suo fondo: interamente realizzato a mano in cuoio di alta qualit\u00e0&#8221; Personalizza queste sneakers con il nostro servizio su misura. Per ulteriori informazioni, si prega di contattare il servizio clienti.<\/p>\n","protected":false},"excerpt":{"rendered":"<p>PELLE DI VITELLO BOTTOLATA<\/p>\n<p dir=\"auto\">Le iconiche sneakers MC in pelle amplificano il fascino sofisticato dello stile della collezione Marco Castelli. Questo modello rafinato, leggero e flessibile interpreta in chiave lusso una calzatura casual ma ricercata. Le sneakers sono facilissime da indossare grazie al disegno iconico slip-on e alla fantastica innovazione del sabot Marco Castelli per una maggiore comodit\u00e0, il logo stilizzato ricamato a vista. la nuova suola in cuoio della scarpa per migliorare comfort e stile.<\/p>\n<p dir=\"auto\">&#8220;la particolarit\u00e0 delle calzature Marco Castelli \u00e8 anche nel suo fondo: interamente realizzato a mano in pellame di alta qualit\u00e0&#8221; Personalizza queste sneakers con il nostro servizio su misura. Per ulteriori informazioni, si prega di contattare il servizio clienti.<\/p>\n","protected":false},"featured_media":103711,"template":"","meta":{"_et_pb_use_builder":"off","_et_pb_old_content":"","_et_gb_content_width":""},"product_brand":[],"product_cat":[281],"product_tag":[],"class_list":{"0":"post-102098","1":"product","2":"type-product","3":"status-publish","4":"has-post-thumbnail","6":"product_cat-sneakers","8":"first","9":"onbackorder","10":"shipping-taxable","11":"purchasable","12":"product-type-variable","13":"has-default-attributes"},"yoast_head":"<!-- This site is optimized with the Yoast SEO plugin v26.5 - https:\/\/yoast.com\/wordpress\/plugins\/seo\/ -->\n<title>MC - Blu e Marrone - www.marcocastellicollection.com<\/title>\n<meta name=\"robots\" content=\"index, follow, max-snippet:-1, max-image-preview:large, max-video-preview:-1\" \/>\n<link rel=\"canonical\" href=\"https:\/\/www.marcocastellicollection.com\/it\/prodotto\/mc-blu-marrone\/\" \/>\n<meta property=\"og:locale\" content=\"it_IT\" \/>\n<meta property=\"og:type\" content=\"article\" \/>\n<meta property=\"og:title\" content=\"MC - Blu e Marrone - www.marcocastellicollection.com\" \/>\n<meta property=\"og:description\" content=\"PELLE DI VITELLO BOTTOLATA Le iconiche sneakers MC in pelle amplificano il fascino sofisticato dello stile della collezione Marco Castelli. Questo modello rafinato, leggero e flessibile interpreta in chiave lusso una calzatura casual ma ricercata. Le sneakers sono facilissime da indossare grazie al disegno iconico slip-on e alla fantastica innovazione del sabot Marco Castelli per una maggiore comodit\u00e0, il logo stilizzato ricamato a vista. la nuova suola in cuoio della scarpa per migliorare comfort e stile. &quot;la particolarit\u00e0 delle calzature Marco Castelli \u00e8 anche nel suo fondo: interamente realizzato a mano in pellame di alta qualit\u00e0&quot; Personalizza queste sneakers con il nostro servizio su misura. Per ulteriori informazioni, si prega di contattare il servizio clienti.\" \/>\n<meta property=\"og:url\" content=\"https:\/\/www.marcocastellicollection.com\/it\/prodotto\/mc-blu-marrone\/\" \/>\n<meta property=\"og:site_name\" content=\"www.marcocastellicollection.com\" \/>\n<meta property=\"article:modified_time\" content=\"2022-12-13T13:51:36+00:00\" \/>\n<meta property=\"og:image\" content=\"https:\/\/www.marcocastellicollection.com\/wp-content\/uploads\/2022\/09\/MC-Blue-Brown-grain-calf-leather1.jpeg\" \/>\n\t<meta property=\"og:image:width\" content=\"1280\" \/>\n\t<meta property=\"og:image:height\" content=\"960\" \/>\n\t<meta property=\"og:image:type\" content=\"image\/jpeg\" \/>\n<meta name=\"twitter:card\" content=\"summary_large_image\" \/>\n<meta name=\"twitter:label1\" content=\"Tempo di lettura stimato\" \/>\n\t<meta name=\"twitter:data1\" content=\"1 minuto\" \/>\n<script type=\"application\/ld+json\" class=\"yoast-schema-graph\">{\"@context\":\"https:\/\/schema.org\",\"@graph\":[{\"@type\":\"WebPage\",\"@id\":\"https:\/\/www.marcocastellicollection.com\/it\/prodotto\/mc-blu-marrone\/\",\"url\":\"https:\/\/www.marcocastellicollection.com\/it\/prodotto\/mc-blu-marrone\/\",\"name\":\"MC - Blu e Marrone - www.marcocastellicollection.com\",\"isPartOf\":{\"@id\":\"https:\/\/www.marcocastellicollection.com\/it\/#website\"},\"primaryImageOfPage\":{\"@id\":\"https:\/\/www.marcocastellicollection.com\/it\/prodotto\/mc-blu-marrone\/#primaryimage\"},\"image\":{\"@id\":\"https:\/\/www.marcocastellicollection.com\/it\/prodotto\/mc-blu-marrone\/#primaryimage\"},\"thumbnailUrl\":\"https:\/\/www.marcocastellicollection.com\/wp-content\/uploads\/2022\/09\/BC60D5EA-A47E-4146-B1E6-8C2106EC15DD.jpeg\",\"datePublished\":\"2022-09-16T15:21:31+00:00\",\"dateModified\":\"2022-12-13T13:51:36+00:00\",\"breadcrumb\":{\"@id\":\"https:\/\/www.marcocastellicollection.com\/it\/prodotto\/mc-blu-marrone\/#breadcrumb\"},\"inLanguage\":\"it-IT\",\"potentialAction\":[{\"@type\":\"ReadAction\",\"target\":[\"https:\/\/www.marcocastellicollection.com\/it\/prodotto\/mc-blu-marrone\/\"]}]},{\"@type\":\"ImageObject\",\"inLanguage\":\"it-IT\",\"@id\":\"https:\/\/www.marcocastellicollection.com\/it\/prodotto\/mc-blu-marrone\/#primaryimage\",\"url\":\"https:\/\/www.marcocastellicollection.com\/wp-content\/uploads\/2022\/09\/BC60D5EA-A47E-4146-B1E6-8C2106EC15DD.jpeg\",\"contentUrl\":\"https:\/\/www.marcocastellicollection.com\/wp-content\/uploads\/2022\/09\/BC60D5EA-A47E-4146-B1E6-8C2106EC15DD.jpeg\",\"width\":1153,\"height\":1537},{\"@type\":\"BreadcrumbList\",\"@id\":\"https:\/\/www.marcocastellicollection.com\/it\/prodotto\/mc-blu-marrone\/#breadcrumb\",\"itemListElement\":[{\"@type\":\"ListItem\",\"position\":1,\"name\":\"Home\",\"item\":\"https:\/\/www.marcocastellicollection.com\/it\/\"},{\"@type\":\"ListItem\",\"position\":2,\"name\":\"Shop\",\"item\":\"https:\/\/www.marcocastellicollection.com\/shop\/\"},{\"@type\":\"ListItem\",\"position\":3,\"name\":\"MC &#8211; Blu e Marrone\"}]},{\"@type\":\"WebSite\",\"@id\":\"https:\/\/www.marcocastellicollection.com\/it\/#website\",\"url\":\"https:\/\/www.marcocastellicollection.com\/it\/\",\"name\":\"www.marcocastellicollection.com\",\"description\":\"Marco Castelli\",\"potentialAction\":[{\"@type\":\"SearchAction\",\"target\":{\"@type\":\"EntryPoint\",\"urlTemplate\":\"https:\/\/www.marcocastellicollection.com\/it\/?s={search_term_string}\"},\"query-input\":{\"@type\":\"PropertyValueSpecification\",\"valueRequired\":true,\"valueName\":\"search_term_string\"}}],\"inLanguage\":\"it-IT\"}]}<\/script>\n<!-- \/ Yoast SEO plugin. -->","yoast_head_json":{"title":"MC - Blu e Marrone - www.marcocastellicollection.com","robots":{"index":"index","follow":"follow","max-snippet":"max-snippet:-1","max-image-preview":"max-image-preview:large","max-video-preview":"max-video-preview:-1"},"canonical":"https:\/\/www.marcocastellicollection.com\/it\/prodotto\/mc-blu-marrone\/","og_locale":"it_IT","og_type":"article","og_title":"MC - Blu e Marrone - www.marcocastellicollection.com","og_description":"PELLE DI VITELLO BOTTOLATA Le iconiche sneakers MC in pelle amplificano il fascino sofisticato dello stile della collezione Marco Castelli. Questo modello rafinato, leggero e flessibile interpreta in chiave lusso una calzatura casual ma ricercata. Le sneakers sono facilissime da indossare grazie al disegno iconico slip-on e alla fantastica innovazione del sabot Marco Castelli per una maggiore comodit\u00e0, il logo stilizzato ricamato a vista. la nuova suola in cuoio della scarpa per migliorare comfort e stile. \"la particolarit\u00e0 delle calzature Marco Castelli \u00e8 anche nel suo fondo: interamente realizzato a mano in pellame di alta qualit\u00e0\" Personalizza queste sneakers con il nostro servizio su misura. Per ulteriori informazioni, si prega di contattare il servizio clienti.","og_url":"https:\/\/www.marcocastellicollection.com\/it\/prodotto\/mc-blu-marrone\/","og_site_name":"www.marcocastellicollection.com","article_modified_time":"2022-12-13T13:51:36+00:00","og_image":[{"width":1280,"height":960,"url":"https:\/\/www.marcocastellicollection.com\/wp-content\/uploads\/2022\/09\/MC-Blue-Brown-grain-calf-leather1.jpeg","type":"image\/jpeg"}],"twitter_card":"summary_large_image","twitter_misc":{"Tempo di lettura stimato":"1 minuto"},"schema":{"@context":"https:\/\/schema.org","@graph":[{"@type":"WebPage","@id":"https:\/\/www.marcocastellicollection.com\/it\/prodotto\/mc-blu-marrone\/","url":"https:\/\/www.marcocastellicollection.com\/it\/prodotto\/mc-blu-marrone\/","name":"MC - Blu e Marrone - www.marcocastellicollection.com","isPartOf":{"@id":"https:\/\/www.marcocastellicollection.com\/it\/#website"},"primaryImageOfPage":{"@id":"https:\/\/www.marcocastellicollection.com\/it\/prodotto\/mc-blu-marrone\/#primaryimage"},"image":{"@id":"https:\/\/www.marcocastellicollection.com\/it\/prodotto\/mc-blu-marrone\/#primaryimage"},"thumbnailUrl":"https:\/\/www.marcocastellicollection.com\/wp-content\/uploads\/2022\/09\/BC60D5EA-A47E-4146-B1E6-8C2106EC15DD.jpeg","datePublished":"2022-09-16T15:21:31+00:00","dateModified":"2022-12-13T13:51:36+00:00","breadcrumb":{"@id":"https:\/\/www.marcocastellicollection.com\/it\/prodotto\/mc-blu-marrone\/#breadcrumb"},"inLanguage":"it-IT","potentialAction":[{"@type":"ReadAction","target":["https:\/\/www.marcocastellicollection.com\/it\/prodotto\/mc-blu-marrone\/"]}]},{"@type":"ImageObject","inLanguage":"it-IT","@id":"https:\/\/www.marcocastellicollection.com\/it\/prodotto\/mc-blu-marrone\/#primaryimage","url":"https:\/\/www.marcocastellicollection.com\/wp-content\/uploads\/2022\/09\/BC60D5EA-A47E-4146-B1E6-8C2106EC15DD.jpeg","contentUrl":"https:\/\/www.marcocastellicollection.com\/wp-content\/uploads\/2022\/09\/BC60D5EA-A47E-4146-B1E6-8C2106EC15DD.jpeg","width":1153,"height":1537},{"@type":"BreadcrumbList","@id":"https:\/\/www.marcocastellicollection.com\/it\/prodotto\/mc-blu-marrone\/#breadcrumb","itemListElement":[{"@type":"ListItem","position":1,"name":"Home","item":"https:\/\/www.marcocastellicollection.com\/it\/"},{"@type":"ListItem","position":2,"name":"Shop","item":"https:\/\/www.marcocastellicollection.com\/shop\/"},{"@type":"ListItem","position":3,"name":"MC &#8211; Blu e Marrone"}]},{"@type":"WebSite","@id":"https:\/\/www.marcocastellicollection.com\/it\/#website","url":"https:\/\/www.marcocastellicollection.com\/it\/","name":"www.marcocastellicollection.com","description":"Marco Castelli","potentialAction":[{"@type":"SearchAction","target":{"@type":"EntryPoint","urlTemplate":"https:\/\/www.marcocastellicollection.com\/it\/?s={search_term_string}"},"query-input":{"@type":"PropertyValueSpecification","valueRequired":true,"valueName":"search_term_string"}}],"inLanguage":"it-IT"}]}},"_links":{"self":[{"href":"https:\/\/www.marcocastellicollection.com\/it\/wp-json\/wp\/v2\/product\/102098","targetHints":{"allow":["GET"]}}],"collection":[{"href":"https:\/\/www.marcocastellicollection.com\/it\/wp-json\/wp\/v2\/product"}],"about":[{"href":"https:\/\/www.marcocastellicollection.com\/it\/wp-json\/wp\/v2\/types\/product"}],"wp:featuredmedia":[{"embeddable":true,"href":"https:\/\/www.marcocastellicollection.com\/it\/wp-json\/wp\/v2\/media\/103711"}],"wp:attachment":[{"href":"https:\/\/www.marcocastellicollection.com\/it\/wp-json\/wp\/v2\/media?parent=102098"}],"wp:term":[{"taxonomy":"product_brand","embeddable":true,"href":"https:\/\/www.marcocastellicollection.com\/it\/wp-json\/wp\/v2\/product_brand?post=102098"},{"taxonomy":"product_cat","embeddable":true,"href":"https:\/\/www.marcocastellicollection.com\/it\/wp-json\/wp\/v2\/product_cat?post=102098"},{"taxonomy":"product_tag","embeddable":true,"href":"https:\/\/www.marcocastellicollection.com\/it\/wp-json\/wp\/v2\/product_tag?post=102098"}],"curies":[{"name":"wp","href":"https:\/\/api.w.org\/{rel}","templated":true}]}}