{"id":102102,"date":"2022-09-14T20:40:35","date_gmt":"2022-09-14T18:40:35","guid":{"rendered":"https:\/\/www.marcocastellicollection.com\/product\/axel-grigio-e-marrone\/"},"modified":"2022-09-14T20:40:35","modified_gmt":"2022-09-14T18:40:35","slug":"axel-axel-grigio-marrone","status":"publish","type":"product","link":"https:\/\/www.marcocastellicollection.com\/it\/prodotto\/axel-axel-grigio-marrone\/","title":{"rendered":"AXEL &#8211; Grigio e Marrone"},"content":{"rendered":"<p>SCARPE SCAMOSCIATE<\/p>\n<p class=\"p1\">Il modello Axel \u00e8 una raffinata sneaker per il tempo libero, perfetto esempio della tradizione Marco Castelli, con il dettaglio iconico della calzata slip-on e la suola in cuoio rendono queste sneakers in camoscio foderate in pelle comode e pratiche da indossare, per un comfort ottimale. L&#8217;iconico dettaglio sul tallone ripiegabile rende la scarpa ancora pi\u00f9 comoda di una normale sneaker. Pellami di alta qualit\u00e0 (vitello liscio, bottalato e camoscio). Perfetto per completare un look elegante o smart casual.<\/p>\n<p class=\"p1\">&#8220;la particolarit\u00e0 delle calzature Marco Castelli \u00e8 anche nel suo fondo: interamente realizzato a mano in cuoio di alta qualit\u00e0&#8221; Personalizza queste sneakers con il nostro servizio su misura. Per ulteriori informazioni, si prega di contattare il servizio clienti.<\/p>\n<p>&nbsp;<\/p>\n","protected":false},"excerpt":{"rendered":"<p class=\"p1\">SCARPE SCAMOSCIATE<\/p>\n<p class=\"p1\">Il modello Axel \u00e8 una raffinata sneaker per il tempo libero, perfetto esempio della tradizione Marco Castelli, con il dettaglio iconico della calzata slip-on e la suola in cuoio che rendono queste sneakers in camoscio foderate in pelle comode e pratiche da indossare, per un comfort ottimale. L&#8217;iconico dettaglio sul tallone ripiegabile rende la scarpa ancora pi\u00f9 comoda di una normale sneaker.<\/p>\n<p class=\"p1\">&#8220;la particolarit\u00e0 delle calzature Marco Castelli \u00e8 anche nel suo fondo: interamente realizzato a mano in cuoio di alta qualit\u00e0&#8221; Personalizza queste sneakers con il nostro servizio su misura. Per ulteriori informazioni, si prega di contattare il servizio clienti.<\/p>\n","protected":false},"featured_media":103748,"template":"","meta":{"_et_pb_use_builder":"","_et_pb_old_content":"","_et_gb_content_width":""},"product_brand":[],"product_cat":[281],"product_tag":[],"class_list":{"0":"post-102102","1":"product","2":"type-product","3":"status-publish","4":"has-post-thumbnail","6":"product_cat-sneakers","8":"first","9":"onbackorder","10":"shipping-taxable","11":"purchasable","12":"product-type-variable","13":"has-default-attributes"},"yoast_head":"<!-- This site is optimized with the Yoast SEO plugin v26.5 - https:\/\/yoast.com\/wordpress\/plugins\/seo\/ -->\n<title>AXEL - Grigio e Marrone - www.marcocastellicollection.com<\/title>\n<meta name=\"robots\" content=\"index, follow, max-snippet:-1, max-image-preview:large, max-video-preview:-1\" \/>\n<link rel=\"canonical\" href=\"https:\/\/www.marcocastellicollection.com\/it\/prodotto\/axel-axel-grigio-marrone\/\" \/>\n<meta property=\"og:locale\" content=\"it_IT\" \/>\n<meta property=\"og:type\" content=\"article\" \/>\n<meta property=\"og:title\" content=\"AXEL - Grigio e Marrone - www.marcocastellicollection.com\" \/>\n<meta property=\"og:description\" content=\"SCARPE SCAMOSCIATE Il modello Axel \u00e8 una raffinata sneaker per il tempo libero, perfetto esempio della tradizione Marco Castelli, con il dettaglio iconico della calzata slip-on e la suola in cuoio che rendono queste sneakers in camoscio foderate in pelle comode e pratiche da indossare, per un comfort ottimale. L&#039;iconico dettaglio sul tallone ripiegabile rende la scarpa ancora pi\u00f9 comoda di una normale sneaker. &quot;la particolarit\u00e0 delle calzature Marco Castelli \u00e8 anche nel suo fondo: interamente realizzato a mano in cuoio di alta qualit\u00e0&quot; Personalizza queste sneakers con il nostro servizio su misura. Per ulteriori informazioni, si prega di contattare il servizio clienti.\" \/>\n<meta property=\"og:url\" content=\"https:\/\/www.marcocastellicollection.com\/it\/prodotto\/axel-axel-grigio-marrone\/\" \/>\n<meta property=\"og:site_name\" content=\"www.marcocastellicollection.com\" \/>\n<meta property=\"og:image\" content=\"https:\/\/www.marcocastellicollection.com\/wp-content\/uploads\/2022\/09\/Axel-Grey-Brown-Suede-shoes1.jpeg\" \/>\n\t<meta property=\"og:image:width\" content=\"1280\" \/>\n\t<meta property=\"og:image:height\" content=\"960\" \/>\n\t<meta property=\"og:image:type\" content=\"image\/jpeg\" \/>\n<meta name=\"twitter:card\" content=\"summary_large_image\" \/>\n<meta name=\"twitter:label1\" content=\"Tempo di lettura stimato\" \/>\n\t<meta name=\"twitter:data1\" content=\"1 minuto\" \/>\n<script type=\"application\/ld+json\" class=\"yoast-schema-graph\">{\"@context\":\"https:\/\/schema.org\",\"@graph\":[{\"@type\":\"WebPage\",\"@id\":\"https:\/\/www.marcocastellicollection.com\/it\/prodotto\/axel-axel-grigio-marrone\/\",\"url\":\"https:\/\/www.marcocastellicollection.com\/it\/prodotto\/axel-axel-grigio-marrone\/\",\"name\":\"AXEL - Grigio e Marrone - www.marcocastellicollection.com\",\"isPartOf\":{\"@id\":\"https:\/\/www.marcocastellicollection.com\/it\/#website\"},\"primaryImageOfPage\":{\"@id\":\"https:\/\/www.marcocastellicollection.com\/it\/prodotto\/axel-axel-grigio-marrone\/#primaryimage\"},\"image\":{\"@id\":\"https:\/\/www.marcocastellicollection.com\/it\/prodotto\/axel-axel-grigio-marrone\/#primaryimage\"},\"thumbnailUrl\":\"https:\/\/www.marcocastellicollection.com\/wp-content\/uploads\/2022\/09\/Photoroom_20251229_235144.jpeg\",\"datePublished\":\"2022-09-14T18:40:35+00:00\",\"breadcrumb\":{\"@id\":\"https:\/\/www.marcocastellicollection.com\/it\/prodotto\/axel-axel-grigio-marrone\/#breadcrumb\"},\"inLanguage\":\"it-IT\",\"potentialAction\":[{\"@type\":\"ReadAction\",\"target\":[\"https:\/\/www.marcocastellicollection.com\/it\/prodotto\/axel-axel-grigio-marrone\/\"]}]},{\"@type\":\"ImageObject\",\"inLanguage\":\"it-IT\",\"@id\":\"https:\/\/www.marcocastellicollection.com\/it\/prodotto\/axel-axel-grigio-marrone\/#primaryimage\",\"url\":\"https:\/\/www.marcocastellicollection.com\/wp-content\/uploads\/2022\/09\/Photoroom_20251229_235144.jpeg\",\"contentUrl\":\"https:\/\/www.marcocastellicollection.com\/wp-content\/uploads\/2022\/09\/Photoroom_20251229_235144.jpeg\",\"width\":1512,\"height\":2016},{\"@type\":\"BreadcrumbList\",\"@id\":\"https:\/\/www.marcocastellicollection.com\/it\/prodotto\/axel-axel-grigio-marrone\/#breadcrumb\",\"itemListElement\":[{\"@type\":\"ListItem\",\"position\":1,\"name\":\"Home\",\"item\":\"https:\/\/www.marcocastellicollection.com\/it\/\"},{\"@type\":\"ListItem\",\"position\":2,\"name\":\"Shop\",\"item\":\"https:\/\/www.marcocastellicollection.com\/shop\/\"},{\"@type\":\"ListItem\",\"position\":3,\"name\":\"AXEL &#8211; Grigio e Marrone\"}]},{\"@type\":\"WebSite\",\"@id\":\"https:\/\/www.marcocastellicollection.com\/it\/#website\",\"url\":\"https:\/\/www.marcocastellicollection.com\/it\/\",\"name\":\"www.marcocastellicollection.com\",\"description\":\"Marco Castelli\",\"potentialAction\":[{\"@type\":\"SearchAction\",\"target\":{\"@type\":\"EntryPoint\",\"urlTemplate\":\"https:\/\/www.marcocastellicollection.com\/it\/?s={search_term_string}\"},\"query-input\":{\"@type\":\"PropertyValueSpecification\",\"valueRequired\":true,\"valueName\":\"search_term_string\"}}],\"inLanguage\":\"it-IT\"}]}<\/script>\n<!-- \/ Yoast SEO plugin. -->","yoast_head_json":{"title":"AXEL - Grigio e Marrone - www.marcocastellicollection.com","robots":{"index":"index","follow":"follow","max-snippet":"max-snippet:-1","max-image-preview":"max-image-preview:large","max-video-preview":"max-video-preview:-1"},"canonical":"https:\/\/www.marcocastellicollection.com\/it\/prodotto\/axel-axel-grigio-marrone\/","og_locale":"it_IT","og_type":"article","og_title":"AXEL - Grigio e Marrone - www.marcocastellicollection.com","og_description":"SCARPE SCAMOSCIATE Il modello Axel \u00e8 una raffinata sneaker per il tempo libero, perfetto esempio della tradizione Marco Castelli, con il dettaglio iconico della calzata slip-on e la suola in cuoio che rendono queste sneakers in camoscio foderate in pelle comode e pratiche da indossare, per un comfort ottimale. L'iconico dettaglio sul tallone ripiegabile rende la scarpa ancora pi\u00f9 comoda di una normale sneaker. \"la particolarit\u00e0 delle calzature Marco Castelli \u00e8 anche nel suo fondo: interamente realizzato a mano in cuoio di alta qualit\u00e0\" Personalizza queste sneakers con il nostro servizio su misura. Per ulteriori informazioni, si prega di contattare il servizio clienti.","og_url":"https:\/\/www.marcocastellicollection.com\/it\/prodotto\/axel-axel-grigio-marrone\/","og_site_name":"www.marcocastellicollection.com","og_image":[{"width":1280,"height":960,"url":"https:\/\/www.marcocastellicollection.com\/wp-content\/uploads\/2022\/09\/Axel-Grey-Brown-Suede-shoes1.jpeg","type":"image\/jpeg"}],"twitter_card":"summary_large_image","twitter_misc":{"Tempo di lettura stimato":"1 minuto"},"schema":{"@context":"https:\/\/schema.org","@graph":[{"@type":"WebPage","@id":"https:\/\/www.marcocastellicollection.com\/it\/prodotto\/axel-axel-grigio-marrone\/","url":"https:\/\/www.marcocastellicollection.com\/it\/prodotto\/axel-axel-grigio-marrone\/","name":"AXEL - Grigio e Marrone - www.marcocastellicollection.com","isPartOf":{"@id":"https:\/\/www.marcocastellicollection.com\/it\/#website"},"primaryImageOfPage":{"@id":"https:\/\/www.marcocastellicollection.com\/it\/prodotto\/axel-axel-grigio-marrone\/#primaryimage"},"image":{"@id":"https:\/\/www.marcocastellicollection.com\/it\/prodotto\/axel-axel-grigio-marrone\/#primaryimage"},"thumbnailUrl":"https:\/\/www.marcocastellicollection.com\/wp-content\/uploads\/2022\/09\/Photoroom_20251229_235144.jpeg","datePublished":"2022-09-14T18:40:35+00:00","breadcrumb":{"@id":"https:\/\/www.marcocastellicollection.com\/it\/prodotto\/axel-axel-grigio-marrone\/#breadcrumb"},"inLanguage":"it-IT","potentialAction":[{"@type":"ReadAction","target":["https:\/\/www.marcocastellicollection.com\/it\/prodotto\/axel-axel-grigio-marrone\/"]}]},{"@type":"ImageObject","inLanguage":"it-IT","@id":"https:\/\/www.marcocastellicollection.com\/it\/prodotto\/axel-axel-grigio-marrone\/#primaryimage","url":"https:\/\/www.marcocastellicollection.com\/wp-content\/uploads\/2022\/09\/Photoroom_20251229_235144.jpeg","contentUrl":"https:\/\/www.marcocastellicollection.com\/wp-content\/uploads\/2022\/09\/Photoroom_20251229_235144.jpeg","width":1512,"height":2016},{"@type":"BreadcrumbList","@id":"https:\/\/www.marcocastellicollection.com\/it\/prodotto\/axel-axel-grigio-marrone\/#breadcrumb","itemListElement":[{"@type":"ListItem","position":1,"name":"Home","item":"https:\/\/www.marcocastellicollection.com\/it\/"},{"@type":"ListItem","position":2,"name":"Shop","item":"https:\/\/www.marcocastellicollection.com\/shop\/"},{"@type":"ListItem","position":3,"name":"AXEL &#8211; Grigio e Marrone"}]},{"@type":"WebSite","@id":"https:\/\/www.marcocastellicollection.com\/it\/#website","url":"https:\/\/www.marcocastellicollection.com\/it\/","name":"www.marcocastellicollection.com","description":"Marco Castelli","potentialAction":[{"@type":"SearchAction","target":{"@type":"EntryPoint","urlTemplate":"https:\/\/www.marcocastellicollection.com\/it\/?s={search_term_string}"},"query-input":{"@type":"PropertyValueSpecification","valueRequired":true,"valueName":"search_term_string"}}],"inLanguage":"it-IT"}]}},"_links":{"self":[{"href":"https:\/\/www.marcocastellicollection.com\/it\/wp-json\/wp\/v2\/product\/102102","targetHints":{"allow":["GET"]}}],"collection":[{"href":"https:\/\/www.marcocastellicollection.com\/it\/wp-json\/wp\/v2\/product"}],"about":[{"href":"https:\/\/www.marcocastellicollection.com\/it\/wp-json\/wp\/v2\/types\/product"}],"wp:featuredmedia":[{"embeddable":true,"href":"https:\/\/www.marcocastellicollection.com\/it\/wp-json\/wp\/v2\/media\/103748"}],"wp:attachment":[{"href":"https:\/\/www.marcocastellicollection.com\/it\/wp-json\/wp\/v2\/media?parent=102102"}],"wp:term":[{"taxonomy":"product_brand","embeddable":true,"href":"https:\/\/www.marcocastellicollection.com\/it\/wp-json\/wp\/v2\/product_brand?post=102102"},{"taxonomy":"product_cat","embeddable":true,"href":"https:\/\/www.marcocastellicollection.com\/it\/wp-json\/wp\/v2\/product_cat?post=102102"},{"taxonomy":"product_tag","embeddable":true,"href":"https:\/\/www.marcocastellicollection.com\/it\/wp-json\/wp\/v2\/product_tag?post=102102"}],"curies":[{"name":"wp","href":"https:\/\/api.w.org\/{rel}","templated":true}]}}